{"id":16664,"date":"2017-03-30T20:33:49","date_gmt":"2017-03-30T19:33:49","guid":{"rendered":"http:\/\/www.swissmedflight.com\/en\/clinique-dentaire-a-budapest-hongrie\/"},"modified":"2018-03-04T23:52:34","modified_gmt":"2018-03-04T22:52:34","slug":"dental-clinic-in-budapest-hungary","status":"publish","type":"page","link":"https:\/\/www.swissmedflight.com\/en\/dentist\/dental-clinic-in-budapest-hungary\/","title":{"rendered":"Dental Clinic in Budapest Hungary"},"content":{"rendered":"<h2>Introduction<\/h2>\n<p>Our dental clinic in Budapest is located in the city center, at Mad\u00e1ch Imre t\u00e9r 7, on the 1st floor, in the 7th district of the Hungarian capital and a few steps from the central square and metro station De\u00e1k Ferenc. In addition, two minutes walk is enough to access from your apartment.<\/p>\n<h3>Our Goal<\/h3>\n<p><img loading=\"lazy\" decoding=\"async\" class=\"border alignnone wp-image-20100 size-medium\" src=\"https:\/\/www.swissmedflight.com\/wp-content\/uploads\/2018\/03\/Clinique-dentaire-Budapest-Hongrie-SwissMedFlight-300x200.png\" alt=\"dental clinic in Budapest, Hungary\" width=\"300\" height=\"200\" srcset=\"https:\/\/www.swissmedflight.com\/wp-content\/uploads\/2018\/03\/Clinique-dentaire-Budapest-Hongrie-SwissMedFlight-300x200.png 300w, https:\/\/www.swissmedflight.com\/wp-content\/uploads\/2018\/03\/Clinique-dentaire-Budapest-Hongrie-SwissMedFlight.png 584w\" sizes=\"auto, (max-width: 300px) 100vw, 300px\" \/><\/p>\n<p>Our main goal is the satisfaction of our patients and the care of your oral health in a modern and welcoming environment. As a result, all of our dental care is under one roof and by practitioners with a high level of competence and training, recognized in the United Kingdom, Ireland or Scotland.<\/p>\n<h3>An International Clinic<\/h3>\n<p><img loading=\"lazy\" decoding=\"async\" class=\"border alignnone wp-image-20103 size-medium\" src=\"https:\/\/www.swissmedflight.com\/wp-content\/uploads\/2018\/03\/suisse-france-belgique-clinique-dentaire-francophone-a\u0300-Budapest-Hongrie-300x160.jpg\" alt=\"english speaking dental clinic in Budapest, Hungary\" width=\"300\" height=\"160\" srcset=\"https:\/\/www.swissmedflight.com\/wp-content\/uploads\/2018\/03\/suisse-france-belgique-clinique-dentaire-francophone-a\u0300-Budapest-Hongrie-300x160.jpg 300w, https:\/\/www.swissmedflight.com\/wp-content\/uploads\/2018\/03\/suisse-france-belgique-clinique-dentaire-francophone-a\u0300-Budapest-Hongrie.jpg 559w\" sizes=\"auto, (max-width: 300px) 100vw, 300px\" \/><\/p>\n<p>Since the opening in 2000, we take care of English speaking patients from UK, Ireland and Scotland. From its creation, it has successfully treated more than 75,000 Hungarian and international patients. Finally, we speak several languages in our dental practice: French, English, German, Italian, Spanish and Hungarian.<\/p>\n<h2>Facilities<\/h2>\n<p>Our dental clinic in Budapest consists of 8 dental rooms and has the latest medical imaging technology and dental tools.<\/p>\n<h3>A Spacious and Renovated Waiting Room<\/h3>\n<p><img loading=\"lazy\" decoding=\"async\" class=\"border alignnone wp-image-15293 size-medium\" src=\"https:\/\/www.swissmedflight.com\/wp-content\/uploads\/2015\/07\/dentiste-low-cost-Budapest-Hongrie-Gen\u00e8ve-Suisse-SwissMedFlight-300x168.png\" alt=\"waiting room - dental clinic in Budapest Hungary\" width=\"300\" height=\"168\" srcset=\"https:\/\/www.swissmedflight.com\/wp-content\/uploads\/2015\/07\/dentiste-low-cost-Budapest-Hongrie-Gen\u00e8ve-Suisse-SwissMedFlight-300x168.png 300w, https:\/\/www.swissmedflight.com\/wp-content\/uploads\/2015\/07\/dentiste-low-cost-Budapest-Hongrie-Gen\u00e8ve-Suisse-SwissMedFlight-768x429.png 768w, https:\/\/www.swissmedflight.com\/wp-content\/uploads\/2015\/07\/dentiste-low-cost-Budapest-Hongrie-Gen\u00e8ve-Suisse-SwissMedFlight.png 968w\" sizes=\"auto, (max-width: 300px) 100vw, 300px\" \/><\/p>\n<p>To begin, we welcome our patients to a spacious, comfortable and modern waiting room. It has wifi, air conditioning and flat screens. Recently renovated, a child area is also available.<\/p>\n<h3>Dental Office Equipment<\/h3>\n<p><img loading=\"lazy\" decoding=\"async\" class=\"border alignnone wp-image-20113 size-medium\" src=\"https:\/\/www.swissmedflight.com\/wp-content\/uploads\/2018\/03\/Salle-de-dentiste-en-Hongrie-Budapest-SwissMedFlight-300x197.png\" alt=\"dental office - dental clinic in Hungary Budapest\" width=\"300\" height=\"197\" srcset=\"https:\/\/www.swissmedflight.com\/wp-content\/uploads\/2018\/03\/Salle-de-dentiste-en-Hongrie-Budapest-SwissMedFlight-300x197.png 300w, https:\/\/www.swissmedflight.com\/wp-content\/uploads\/2018\/03\/Salle-de-dentiste-en-Hongrie-Budapest-SwissMedFlight-768x504.png 768w, https:\/\/www.swissmedflight.com\/wp-content\/uploads\/2018\/03\/Salle-de-dentiste-en-Hongrie-Budapest-SwissMedFlight.png 777w\" sizes=\"auto, (max-width: 300px) 100vw, 300px\" \/><\/p>\n<p>In terms of dental office equipment, the dental chairs for our patients as well as the dental units are equipped with the <a href=\"https:\/\/www.kavo.com\/fr-fr\/equipements-de-cabinet-dentaire\" target=\"_blank\" rel=\"noopener\">KaVo Dental<\/a>\u00a0brand. Made in Germany, this equipment is reliable, functional and of proven quality. High quality and durable components are essential for the comfort of our patients.<\/p>\n<h3>Medical Imaging<\/h3>\n<p><img loading=\"lazy\" decoding=\"async\" class=\"border alignnone wp-image-20110 size-medium\" src=\"https:\/\/www.swissmedflight.com\/wp-content\/uploads\/2018\/03\/syste\u0300me-dimagerie-me\u0301dicale-clinique-dentaire-a\u0300-Budapest-en-Hongrie-300x200.jpg\" alt=\"medical imaging - dental clinic Budapest Hungary\" width=\"300\" height=\"200\" srcset=\"https:\/\/www.swissmedflight.com\/wp-content\/uploads\/2018\/03\/syste\u0300me-dimagerie-me\u0301dicale-clinique-dentaire-a\u0300-Budapest-en-Hongrie-300x200.jpg 300w, https:\/\/www.swissmedflight.com\/wp-content\/uploads\/2018\/03\/syste\u0300me-dimagerie-me\u0301dicale-clinique-dentaire-a\u0300-Budapest-en-Hongrie.jpg 307w\" sizes=\"auto, (max-width: 300px) 100vw, 300px\" \/><\/p>\n<p>Our dental clinic in Budapest has the latest medical imaging technology. To establish an accurate diagnosis in addition to clinical examinations, we use two-dimensional (2D) and three-dimensional (3D) medical imaging technologies.<\/p>\n<p>2D imaging allows for panoramic X-rays and intra-oral imaging systems.<\/p>\n<p>For complementary exams, we use 3D imaging. This is done using CBCT (Cone Beam Computed Tomography) technology. It allows to carry out a voluminal tomography in 3 dimensions. This type of image is essential in implantology and orthodontics.<\/p>\n<h3>Arcus Digma Measurgin System<\/h3>\n<p><img loading=\"lazy\" decoding=\"async\" class=\"border alignnone wp-image-20107\" src=\"https:\/\/www.swissmedflight.com\/wp-content\/uploads\/2018\/03\/arcus-digma-kavo-clinique-dentaire-a\u0300-Budapest-en-Hongrie.jpeg\" alt=\"\" width=\"300\" height=\"253\" \/><\/p>\n<p>To continue the technologies used in our dental clinic in Budapest, we have Arcus Digma temporomandibular joint (TMJ) measuring devices. This electronic measurement system makes it possible to establish precise diagnostics for the treatment of TMJ disorders. This technology will also accurately measure occlusion of the jaws for the fabrication of dental prostheses.<\/p>\n<h3>Dental Implant Systems<\/h3>\n<p>Our dental clinic in Budapest uses dental implant systems of quality brands such as <a href=\"https:\/\/www.nobelbiocare.com\/international\/en\/home.html\">Nobel Biocare<\/a> (Switzerland) or <a href=\"http:\/\/alpha-bio.net\/fr\/\">Alpha Bio Tec<\/a>.<\/p>\n<h3>Dental Laboratory<\/h3>\n<p>Dental prostheses (crowns, veneers, bridges) are performed in one of the best dental laboratories in the city. It benefits from the latest technologies in the execution of prosthetic work, such as CAD-CAM (Computer Assisted Design) scanners.<\/p>\n<h2>How to Get to Our Dental Clinic in Budapest?<\/h2>\n<p>Our private driver looks for you at the airport and drops you off at the clinic. From our apartments, access is 2 minutes walk down Kiraly Street. Finally, from another address, you can either come by taxi or take the metro and get off at the metro station De\u00e1k Ferenc, then walk 1 minute.<\/p>\n<h3>Clinic Address<\/h3>\n<p>Madenta<br \/>\nMad\u00e1ch Imre t\u00e9r 7 &#8211; 1er \u00e9tage<br \/>\nBudapest<br \/>\n1075 Hungary<\/p>\n<h3>Access Map<\/h3>\n<p><iframe loading=\"lazy\" style=\"border: 0;\" src=\"https:\/\/www.google.com\/maps\/embed?pb=!1m18!1m12!1m3!1d2695.6192394008094!2d19.054411215626768!3d47.49733047917757!2m3!1f0!2f0!3f0!3m2!1i1024!2i768!4f13.1!3m3!1m2!1s0x0%3A0xd5a4cfc5de589db4!2sSwissMedFlight!5e0!3m2!1sfr!2sch!4v1514996543763\" width=\"600\" height=\"450\" frameborder=\"0\" allowfullscreen=\"allowfullscreen\" data-mce-fragment=\"1\"><\/iframe><\/p>\n<p style=\"text-align: center;\"><a href=\"https:\/\/www.swissmedflight.com\/en\/dentist\/\">Back to Dental Care<\/a><\/p>\n","protected":false},"excerpt":{"rendered":"<p>Introduction Our dental clinic in Budapest is located in the city center, at Mad\u00e1ch Imre t\u00e9r 7, on the 1st floor, in the 7th district of the Hungarian capital and a few steps from the central square and metro station De\u00e1k Ferenc. In addition, two minutes walk is enough to access from your apartment. Our&hellip;<\/p>\n","protected":false},"author":1,"featured_media":0,"parent":12774,"menu_order":0,"comment_status":"closed","ping_status":"closed","template":"","meta":{"footnotes":""},"class_list":["post-16664","page","type-page","status-publish","hentry","entry","no-media"],"yoast_head":"<!-- This site is optimized with the Yoast SEO plugin v26.1.1 - https:\/\/yoast.com\/wordpress\/plugins\/seo\/ -->\n<title>Best Dental Clinic in Budapest, Hungary - SwissMedFlight<\/title>\n<meta name=\"description\" content=\"Discover the best dental clinic in Budapest, Hungary. It is modern and comfortable. It is located in the city center, next Deak Square.\" \/>\n<meta name=\"robots\" content=\"index, follow, max-snippet:-1, max-image-preview:large, max-video-preview:-1\" \/>\n<link rel=\"canonical\" href=\"https:\/\/www.swissmedflight.com\/en\/dentist\/dental-clinic-in-budapest-hungary\/\" \/>\n<meta property=\"og:locale\" content=\"en_GB\" \/>\n<meta property=\"og:type\" content=\"article\" \/>\n<meta property=\"og:title\" content=\"Best Dental Clinic in Budapest, Hungary - SwissMedFlight\" \/>\n<meta property=\"og:description\" content=\"Discover the best dental clinic in Budapest, Hungary. It is modern and comfortable. It is located in the city center, next Deak Square.\" \/>\n<meta property=\"og:url\" content=\"https:\/\/www.swissmedflight.com\/en\/dentist\/dental-clinic-in-budapest-hungary\/\" \/>\n<meta property=\"og:site_name\" content=\"The Swiss specialist in medical care in Budapest, Hungary\" \/>\n<meta property=\"article:publisher\" content=\"https:\/\/www.facebook.com\/Swissmedflight-815460641833342\/\" \/>\n<meta property=\"article:modified_time\" content=\"2018-03-04T22:52:34+00:00\" \/>\n<meta property=\"og:image\" content=\"https:\/\/www.swissmedflight.com\/wp-content\/uploads\/2018\/03\/Clinique-dentaire-Budapest-Hongrie-SwissMedFlight-300x200.png\" \/>\n<meta name=\"twitter:card\" content=\"summary_large_image\" \/>\n<meta name=\"twitter:site\" content=\"@swissmedflight\" \/>\n<meta name=\"twitter:label1\" content=\"Estimated reading time\" \/>\n\t<meta name=\"twitter:data1\" content=\"3 minutes\" \/>\n<script type=\"application\/ld+json\" class=\"yoast-schema-graph\">{\"@context\":\"https:\/\/schema.org\",\"@graph\":[{\"@type\":\"WebPage\",\"@id\":\"https:\/\/www.swissmedflight.com\/en\/dentist\/dental-clinic-in-budapest-hungary\/\",\"url\":\"https:\/\/www.swissmedflight.com\/en\/dentist\/dental-clinic-in-budapest-hungary\/\",\"name\":\"Best Dental Clinic in Budapest, Hungary - SwissMedFlight\",\"isPartOf\":{\"@id\":\"https:\/\/www.swissmedflight.com\/en\/#website\"},\"primaryImageOfPage\":{\"@id\":\"https:\/\/www.swissmedflight.com\/en\/dentist\/dental-clinic-in-budapest-hungary\/#primaryimage\"},\"image\":{\"@id\":\"https:\/\/www.swissmedflight.com\/en\/dentist\/dental-clinic-in-budapest-hungary\/#primaryimage\"},\"thumbnailUrl\":\"https:\/\/www.swissmedflight.com\/wp-content\/uploads\/2018\/03\/Clinique-dentaire-Budapest-Hongrie-SwissMedFlight-300x200.png\",\"datePublished\":\"2017-03-30T19:33:49+00:00\",\"dateModified\":\"2018-03-04T22:52:34+00:00\",\"description\":\"Discover the best dental clinic in Budapest, Hungary. It is modern and comfortable. It is located in the city center, next Deak Square.\",\"breadcrumb\":{\"@id\":\"https:\/\/www.swissmedflight.com\/en\/dentist\/dental-clinic-in-budapest-hungary\/#breadcrumb\"},\"inLanguage\":\"en-GB\",\"potentialAction\":[{\"@type\":\"ReadAction\",\"target\":[\"https:\/\/www.swissmedflight.com\/en\/dentist\/dental-clinic-in-budapest-hungary\/\"]}]},{\"@type\":\"ImageObject\",\"inLanguage\":\"en-GB\",\"@id\":\"https:\/\/www.swissmedflight.com\/en\/dentist\/dental-clinic-in-budapest-hungary\/#primaryimage\",\"url\":\"https:\/\/www.swissmedflight.com\/wp-content\/uploads\/2018\/03\/Clinique-dentaire-Budapest-Hongrie-SwissMedFlight-300x200.png\",\"contentUrl\":\"https:\/\/www.swissmedflight.com\/wp-content\/uploads\/2018\/03\/Clinique-dentaire-Budapest-Hongrie-SwissMedFlight-300x200.png\"},{\"@type\":\"BreadcrumbList\",\"@id\":\"https:\/\/www.swissmedflight.com\/en\/dentist\/dental-clinic-in-budapest-hungary\/#breadcrumb\",\"itemListElement\":[{\"@type\":\"ListItem\",\"position\":1,\"name\":\"Home\",\"item\":\"https:\/\/www.swissmedflight.com\/en\/\"},{\"@type\":\"ListItem\",\"position\":2,\"name\":\"Dental Care\",\"item\":\"https:\/\/www.swissmedflight.com\/en\/dentist\/\"},{\"@type\":\"ListItem\",\"position\":3,\"name\":\"Dental Clinic in Budapest Hungary\"}]},{\"@type\":\"WebSite\",\"@id\":\"https:\/\/www.swissmedflight.com\/en\/#website\",\"url\":\"https:\/\/www.swissmedflight.com\/en\/\",\"name\":\"The Swiss specialist in medical care in Budapest, Hungary\",\"description\":\"Tel: +41.22.575.44.59 \u2013 Email: info@swissmedflight.com \u2013 WhatsApp: +41.78.961.05.26\",\"publisher\":{\"@id\":\"https:\/\/www.swissmedflight.com\/en\/#organization\"},\"potentialAction\":[{\"@type\":\"SearchAction\",\"target\":{\"@type\":\"EntryPoint\",\"urlTemplate\":\"https:\/\/www.swissmedflight.com\/en\/?s={search_term_string}\"},\"query-input\":{\"@type\":\"PropertyValueSpecification\",\"valueRequired\":true,\"valueName\":\"search_term_string\"}}],\"inLanguage\":\"en-GB\"},{\"@type\":\"Organization\",\"@id\":\"https:\/\/www.swissmedflight.com\/en\/#organization\",\"name\":\"SwissMedFlight Ltd\",\"url\":\"https:\/\/www.swissmedflight.com\/en\/\",\"logo\":{\"@type\":\"ImageObject\",\"inLanguage\":\"en-GB\",\"@id\":\"https:\/\/www.swissmedflight.com\/en\/#\/schema\/logo\/image\/\",\"url\":\"https:\/\/www.swissmedflight.com\/wp-content\/uploads\/2018\/03\/smf-purple.png\",\"contentUrl\":\"https:\/\/www.swissmedflight.com\/wp-content\/uploads\/2018\/03\/smf-purple.png\",\"width\":944,\"height\":143,\"caption\":\"SwissMedFlight Ltd\"},\"image\":{\"@id\":\"https:\/\/www.swissmedflight.com\/en\/#\/schema\/logo\/image\/\"},\"sameAs\":[\"https:\/\/www.facebook.com\/Swissmedflight-815460641833342\/\",\"https:\/\/x.com\/swissmedflight\"]}]}<\/script>\n<!-- \/ Yoast SEO plugin. -->","yoast_head_json":{"title":"Best Dental Clinic in Budapest, Hungary - SwissMedFlight","description":"Discover the best dental clinic in Budapest, Hungary. It is modern and comfortable. It is located in the city center, next Deak Square.","robots":{"index":"index","follow":"follow","max-snippet":"max-snippet:-1","max-image-preview":"max-image-preview:large","max-video-preview":"max-video-preview:-1"},"canonical":"https:\/\/www.swissmedflight.com\/en\/dentist\/dental-clinic-in-budapest-hungary\/","og_locale":"en_GB","og_type":"article","og_title":"Best Dental Clinic in Budapest, Hungary - SwissMedFlight","og_description":"Discover the best dental clinic in Budapest, Hungary. It is modern and comfortable. It is located in the city center, next Deak Square.","og_url":"https:\/\/www.swissmedflight.com\/en\/dentist\/dental-clinic-in-budapest-hungary\/","og_site_name":"The Swiss specialist in medical care in Budapest, Hungary","article_publisher":"https:\/\/www.facebook.com\/Swissmedflight-815460641833342\/","article_modified_time":"2018-03-04T22:52:34+00:00","og_image":[{"url":"https:\/\/www.swissmedflight.com\/wp-content\/uploads\/2018\/03\/Clinique-dentaire-Budapest-Hongrie-SwissMedFlight-300x200.png","type":"","width":"","height":""}],"twitter_card":"summary_large_image","twitter_site":"@swissmedflight","twitter_misc":{"Estimated reading time":"3 minutes"},"schema":{"@context":"https:\/\/schema.org","@graph":[{"@type":"WebPage","@id":"https:\/\/www.swissmedflight.com\/en\/dentist\/dental-clinic-in-budapest-hungary\/","url":"https:\/\/www.swissmedflight.com\/en\/dentist\/dental-clinic-in-budapest-hungary\/","name":"Best Dental Clinic in Budapest, Hungary - SwissMedFlight","isPartOf":{"@id":"https:\/\/www.swissmedflight.com\/en\/#website"},"primaryImageOfPage":{"@id":"https:\/\/www.swissmedflight.com\/en\/dentist\/dental-clinic-in-budapest-hungary\/#primaryimage"},"image":{"@id":"https:\/\/www.swissmedflight.com\/en\/dentist\/dental-clinic-in-budapest-hungary\/#primaryimage"},"thumbnailUrl":"https:\/\/www.swissmedflight.com\/wp-content\/uploads\/2018\/03\/Clinique-dentaire-Budapest-Hongrie-SwissMedFlight-300x200.png","datePublished":"2017-03-30T19:33:49+00:00","dateModified":"2018-03-04T22:52:34+00:00","description":"Discover the best dental clinic in Budapest, Hungary. It is modern and comfortable. It is located in the city center, next Deak Square.","breadcrumb":{"@id":"https:\/\/www.swissmedflight.com\/en\/dentist\/dental-clinic-in-budapest-hungary\/#breadcrumb"},"inLanguage":"en-GB","potentialAction":[{"@type":"ReadAction","target":["https:\/\/www.swissmedflight.com\/en\/dentist\/dental-clinic-in-budapest-hungary\/"]}]},{"@type":"ImageObject","inLanguage":"en-GB","@id":"https:\/\/www.swissmedflight.com\/en\/dentist\/dental-clinic-in-budapest-hungary\/#primaryimage","url":"https:\/\/www.swissmedflight.com\/wp-content\/uploads\/2018\/03\/Clinique-dentaire-Budapest-Hongrie-SwissMedFlight-300x200.png","contentUrl":"https:\/\/www.swissmedflight.com\/wp-content\/uploads\/2018\/03\/Clinique-dentaire-Budapest-Hongrie-SwissMedFlight-300x200.png"},{"@type":"BreadcrumbList","@id":"https:\/\/www.swissmedflight.com\/en\/dentist\/dental-clinic-in-budapest-hungary\/#breadcrumb","itemListElement":[{"@type":"ListItem","position":1,"name":"Home","item":"https:\/\/www.swissmedflight.com\/en\/"},{"@type":"ListItem","position":2,"name":"Dental Care","item":"https:\/\/www.swissmedflight.com\/en\/dentist\/"},{"@type":"ListItem","position":3,"name":"Dental Clinic in Budapest Hungary"}]},{"@type":"WebSite","@id":"https:\/\/www.swissmedflight.com\/en\/#website","url":"https:\/\/www.swissmedflight.com\/en\/","name":"The Swiss specialist in medical care in Budapest, Hungary","description":"Tel: +41.22.575.44.59 \u2013 Email: info@swissmedflight.com \u2013 WhatsApp: +41.78.961.05.26","publisher":{"@id":"https:\/\/www.swissmedflight.com\/en\/#organization"},"potentialAction":[{"@type":"SearchAction","target":{"@type":"EntryPoint","urlTemplate":"https:\/\/www.swissmedflight.com\/en\/?s={search_term_string}"},"query-input":{"@type":"PropertyValueSpecification","valueRequired":true,"valueName":"search_term_string"}}],"inLanguage":"en-GB"},{"@type":"Organization","@id":"https:\/\/www.swissmedflight.com\/en\/#organization","name":"SwissMedFlight Ltd","url":"https:\/\/www.swissmedflight.com\/en\/","logo":{"@type":"ImageObject","inLanguage":"en-GB","@id":"https:\/\/www.swissmedflight.com\/en\/#\/schema\/logo\/image\/","url":"https:\/\/www.swissmedflight.com\/wp-content\/uploads\/2018\/03\/smf-purple.png","contentUrl":"https:\/\/www.swissmedflight.com\/wp-content\/uploads\/2018\/03\/smf-purple.png","width":944,"height":143,"caption":"SwissMedFlight Ltd"},"image":{"@id":"https:\/\/www.swissmedflight.com\/en\/#\/schema\/logo\/image\/"},"sameAs":["https:\/\/www.facebook.com\/Swissmedflight-815460641833342\/","https:\/\/x.com\/swissmedflight"]}]}},"_links":{"self":[{"href":"https:\/\/www.swissmedflight.com\/en\/wp-json\/wp\/v2\/pages\/16664","targetHints":{"allow":["GET"]}}],"collection":[{"href":"https:\/\/www.swissmedflight.com\/en\/wp-json\/wp\/v2\/pages"}],"about":[{"href":"https:\/\/www.swissmedflight.com\/en\/wp-json\/wp\/v2\/types\/page"}],"author":[{"embeddable":true,"href":"https:\/\/www.swissmedflight.com\/en\/wp-json\/wp\/v2\/users\/1"}],"replies":[{"embeddable":true,"href":"https:\/\/www.swissmedflight.com\/en\/wp-json\/wp\/v2\/comments?post=16664"}],"version-history":[{"count":18,"href":"https:\/\/www.swissmedflight.com\/en\/wp-json\/wp\/v2\/pages\/16664\/revisions"}],"predecessor-version":[{"id":20351,"href":"https:\/\/www.swissmedflight.com\/en\/wp-json\/wp\/v2\/pages\/16664\/revisions\/20351"}],"up":[{"embeddable":true,"href":"https:\/\/www.swissmedflight.com\/en\/wp-json\/wp\/v2\/pages\/12774"}],"wp:attachment":[{"href":"https:\/\/www.swissmedflight.com\/en\/wp-json\/wp\/v2\/media?parent=16664"}],"curies":[{"name":"wp","href":"https:\/\/api.w.org\/{rel}","templated":true}]}}