{"id":12828,"date":"2015-10-18T10:09:07","date_gmt":"2015-10-18T09:09:07","guid":{"rendered":"http:\/\/www.swissmedflight.com\/en\/?page_id=12828"},"modified":"2023-08-04T12:35:01","modified_gmt":"2023-08-04T11:35:01","slug":"free-quote","status":"publish","type":"page","link":"https:\/\/www.swissmedflight.com\/en\/free-quote\/","title":{"rendered":"Contact"},"content":{"rendered":"<div class=\"wpb-content-wrapper\">[vc_row][vc_column width=&#8221;2\/3&#8243;][vc_column_text]\n<h2>Request for quote &amp; information<\/h2>\n<p>For all your requests for quotes and\/or additional information on our services and prices, you can contact us via the various means of communication below. We are very responsive and we usually respond to your requests the same day.<\/p>\n<h2>E-mail<\/h2>\n<p><a href=\"mailto:info@swissmedflight.com\">info@swissmedflight.com<\/a><\/p>\n<h2>Phone and WhatsApp<\/h2>\n<p>0041.78.229.88.19<\/p>\n<p>Or, please fill out our contact form and ask to be called back.<\/p>\n<h2>Contact Form<\/h2>\n\n<div class=\"wpcf7 no-js\" id=\"wpcf7-f31420-o1\" lang=\"\" dir=\"ltr\" data-wpcf7-id=\"31420\">\n<div class=\"screen-reader-response\"><p role=\"status\" aria-live=\"polite\" aria-atomic=\"true\"><\/p> <ul><\/ul><\/div>\n<form action=\"\/en\/wp-json\/wp\/v2\/pages\/12828#wpcf7-f31420-o1\" method=\"post\" class=\"wpcf7-form init\" aria-label=\"Contact form\" novalidate=\"novalidate\" data-status=\"init\">\n<fieldset class=\"hidden-fields-container\"><input type=\"hidden\" name=\"_wpcf7\" value=\"31420\" \/><input type=\"hidden\" name=\"_wpcf7_version\" value=\"6.1.2\" \/><input type=\"hidden\" name=\"_wpcf7_locale\" value=\"\" \/><input type=\"hidden\" name=\"_wpcf7_unit_tag\" value=\"wpcf7-f31420-o1\" \/><input type=\"hidden\" name=\"_wpcf7_container_post\" value=\"0\" \/><input type=\"hidden\" name=\"_wpcf7_posted_data_hash\" value=\"\" \/><input type=\"hidden\" name=\"_wpcf7_recaptcha_response\" value=\"\" \/>\n<\/fieldset>\n<p><label> Pr\u00e9nom<br \/>\n<span class=\"wpcf7-form-control-wrap\" data-name=\"your-first\"><input size=\"40\" maxlength=\"400\" class=\"wpcf7-form-control wpcf7-text wpcf7-validates-as-required\" aria-required=\"true\" aria-invalid=\"false\" value=\"\" type=\"text\" name=\"your-first\" \/><\/span> <\/label>\n<\/p>\n<p><label> Nom<br \/>\n<span class=\"wpcf7-form-control-wrap\" data-name=\"your-name\"><input size=\"40\" maxlength=\"400\" class=\"wpcf7-form-control wpcf7-text wpcf7-validates-as-required\" aria-required=\"true\" aria-invalid=\"false\" value=\"\" type=\"text\" name=\"your-name\" \/><\/span> <\/label>\n<\/p>\n<p><label> Email<br \/>\n<span class=\"wpcf7-form-control-wrap\" data-name=\"your-email\"><input size=\"40\" maxlength=\"400\" class=\"wpcf7-form-control wpcf7-email wpcf7-validates-as-required wpcf7-text wpcf7-validates-as-email\" aria-required=\"true\" aria-invalid=\"false\" value=\"\" type=\"email\" name=\"your-email\" \/><\/span> <\/label>\n<\/p>\n<p><label> Num\u00e9ro de t\u00e9l\u00e9phone avec indicatif<br \/>\n<span class=\"wpcf7-form-control-wrap\" data-name=\"your-phone\"><input size=\"40\" maxlength=\"400\" class=\"wpcf7-form-control wpcf7-text wpcf7-validates-as-required\" aria-required=\"true\" aria-invalid=\"false\" value=\"\" type=\"text\" name=\"your-phone\" \/><\/span> <\/label>\n<\/p>\n<p><label> Pays de r\u00e9sidence<br \/>\n<span class=\"wpcf7-form-control-wrap\" data-name=\"your-pays\"><input size=\"40\" maxlength=\"400\" class=\"wpcf7-form-control wpcf7-text wpcf7-validates-as-required\" aria-required=\"true\" aria-invalid=\"false\" value=\"\" type=\"text\" name=\"your-pays\" \/><\/span> <\/label>\n<\/p>\n<p><label> Type de soins m\u00e9dical souhait\u00e9<br \/>\n<span class=\"wpcf7-form-control-wrap\" data-name=\"your-message\"><textarea cols=\"40\" rows=\"10\" maxlength=\"2000\" class=\"wpcf7-form-control wpcf7-textarea\" aria-invalid=\"false\" name=\"your-message\"><\/textarea><\/span> <\/label>\n<\/p>\n<p><input class=\"wpcf7-form-control wpcf7-submit has-spinner\" type=\"submit\" value=\"Envoyer\" \/>\n<\/p><div class=\"wpcf7-response-output\" aria-hidden=\"true\"><\/div>\n<\/form>\n<\/div>\n\n<h2>Contact<\/h2>\n<p>SwissMedFlight<br \/>\n1202 Geneva<br \/>\nSuisse<\/p>\n<p><iframe loading=\"lazy\" style=\"border: 0;\" src=\"https:\/\/www.google.com\/maps\/embed?pb=!1m18!1m12!1m3!1d2760.784691606497!2d6.1302153153134995!3d46.214737979117025!2m3!1f0!2f0!3f0!3m2!1i1024!2i768!4f13.1!3m3!1m2!1s0x478c64dcd477ba75%3A0x21a23a61890a9700!2sSwissMedFlight!5e0!3m2!1sfr!2sch!4v1514996697618\" width=\"600\" height=\"450\" frameborder=\"0\" allowfullscreen=\"allowfullscreen\"><\/iframe>[\/vc_column_text][\/vc_column][vc_column width=&#8221;1\/3&#8243;][\/vc_column][\/vc_row]\n<\/div>","protected":false},"excerpt":{"rendered":"<p>[vc_row][vc_column width=&#8221;2\/3&#8243;][vc_column_text] Request for quote &amp; information For all your requests for quotes and\/or additional information on our services and prices, you can contact us via the various means of communication below. We are very responsive and we usually respond to your requests the same day. E-mail info@swissmedflight.com Phone and WhatsApp 0041.78.229.88.19 Or, please fill&hellip;<\/p>\n","protected":false},"author":1,"featured_media":0,"parent":0,"menu_order":0,"comment_status":"closed","ping_status":"closed","template":"","meta":{"footnotes":""},"class_list":["post-12828","page","type-page","status-publish","hentry","entry","no-media"],"yoast_head":"<!-- This site is optimized with the Yoast SEO plugin v26.1.1 - https:\/\/yoast.com\/wordpress\/plugins\/seo\/ -->\n<title>Contact - The Swiss specialist in medical care in Budapest, Hungary<\/title>\n<meta name=\"description\" content=\"Ask Our Medical Team for a Free Quote. SwissMedFlight, Medical Tourism Specialist ! Budapest, Hungary.\" \/>\n<meta name=\"robots\" content=\"noindex, follow\" \/>\n<meta property=\"og:locale\" content=\"en_GB\" \/>\n<meta property=\"og:type\" content=\"article\" \/>\n<meta property=\"og:title\" content=\"Contact - The Swiss specialist in medical care in Budapest, Hungary\" \/>\n<meta property=\"og:description\" content=\"Ask Our Medical Team for a Free Quote. SwissMedFlight, Medical Tourism Specialist ! Budapest, Hungary.\" \/>\n<meta property=\"og:url\" content=\"https:\/\/www.swissmedflight.com\/en\/free-quote\/\" \/>\n<meta property=\"og:site_name\" content=\"The Swiss specialist in medical care in Budapest, Hungary\" \/>\n<meta property=\"article:publisher\" content=\"https:\/\/www.facebook.com\/Swissmedflight-815460641833342\/\" \/>\n<meta property=\"article:modified_time\" content=\"2023-08-04T11:35:01+00:00\" \/>\n<meta name=\"twitter:card\" content=\"summary_large_image\" \/>\n<meta name=\"twitter:site\" content=\"@swissmedflight\" \/>\n<meta name=\"twitter:label1\" content=\"Estimated reading time\" \/>\n\t<meta name=\"twitter:data1\" content=\"1 minute\" \/>\n<script type=\"application\/ld+json\" class=\"yoast-schema-graph\">{\"@context\":\"https:\/\/schema.org\",\"@graph\":[{\"@type\":\"WebPage\",\"@id\":\"https:\/\/www.swissmedflight.com\/en\/free-quote\/\",\"url\":\"https:\/\/www.swissmedflight.com\/en\/free-quote\/\",\"name\":\"Contact - The Swiss specialist in medical care in Budapest, Hungary\",\"isPartOf\":{\"@id\":\"https:\/\/www.swissmedflight.com\/en\/#website\"},\"datePublished\":\"2015-10-18T09:09:07+00:00\",\"dateModified\":\"2023-08-04T11:35:01+00:00\",\"description\":\"Ask Our Medical Team for a Free Quote. SwissMedFlight, Medical Tourism Specialist ! Budapest, Hungary.\",\"breadcrumb\":{\"@id\":\"https:\/\/www.swissmedflight.com\/en\/free-quote\/#breadcrumb\"},\"inLanguage\":\"en-GB\",\"potentialAction\":[{\"@type\":\"ReadAction\",\"target\":[\"https:\/\/www.swissmedflight.com\/en\/free-quote\/\"]}]},{\"@type\":\"BreadcrumbList\",\"@id\":\"https:\/\/www.swissmedflight.com\/en\/free-quote\/#breadcrumb\",\"itemListElement\":[{\"@type\":\"ListItem\",\"position\":1,\"name\":\"Home\",\"item\":\"https:\/\/www.swissmedflight.com\/en\/\"},{\"@type\":\"ListItem\",\"position\":2,\"name\":\"Contact\"}]},{\"@type\":\"WebSite\",\"@id\":\"https:\/\/www.swissmedflight.com\/en\/#website\",\"url\":\"https:\/\/www.swissmedflight.com\/en\/\",\"name\":\"The Swiss specialist in medical care in Budapest, Hungary\",\"description\":\"Tel: +41.22.575.44.59 \u2013 Email: info@swissmedflight.com \u2013 WhatsApp: +41.78.961.05.26\",\"publisher\":{\"@id\":\"https:\/\/www.swissmedflight.com\/en\/#organization\"},\"potentialAction\":[{\"@type\":\"SearchAction\",\"target\":{\"@type\":\"EntryPoint\",\"urlTemplate\":\"https:\/\/www.swissmedflight.com\/en\/?s={search_term_string}\"},\"query-input\":{\"@type\":\"PropertyValueSpecification\",\"valueRequired\":true,\"valueName\":\"search_term_string\"}}],\"inLanguage\":\"en-GB\"},{\"@type\":\"Organization\",\"@id\":\"https:\/\/www.swissmedflight.com\/en\/#organization\",\"name\":\"SwissMedFlight Ltd\",\"url\":\"https:\/\/www.swissmedflight.com\/en\/\",\"logo\":{\"@type\":\"ImageObject\",\"inLanguage\":\"en-GB\",\"@id\":\"https:\/\/www.swissmedflight.com\/en\/#\/schema\/logo\/image\/\",\"url\":\"https:\/\/www.swissmedflight.com\/wp-content\/uploads\/2018\/03\/smf-purple.png\",\"contentUrl\":\"https:\/\/www.swissmedflight.com\/wp-content\/uploads\/2018\/03\/smf-purple.png\",\"width\":944,\"height\":143,\"caption\":\"SwissMedFlight Ltd\"},\"image\":{\"@id\":\"https:\/\/www.swissmedflight.com\/en\/#\/schema\/logo\/image\/\"},\"sameAs\":[\"https:\/\/www.facebook.com\/Swissmedflight-815460641833342\/\",\"https:\/\/x.com\/swissmedflight\"]}]}<\/script>\n<!-- \/ Yoast SEO plugin. -->","yoast_head_json":{"title":"Contact - The Swiss specialist in medical care in Budapest, Hungary","description":"Ask Our Medical Team for a Free Quote. SwissMedFlight, Medical Tourism Specialist ! Budapest, Hungary.","robots":{"index":"noindex","follow":"follow"},"og_locale":"en_GB","og_type":"article","og_title":"Contact - The Swiss specialist in medical care in Budapest, Hungary","og_description":"Ask Our Medical Team for a Free Quote. SwissMedFlight, Medical Tourism Specialist ! Budapest, Hungary.","og_url":"https:\/\/www.swissmedflight.com\/en\/free-quote\/","og_site_name":"The Swiss specialist in medical care in Budapest, Hungary","article_publisher":"https:\/\/www.facebook.com\/Swissmedflight-815460641833342\/","article_modified_time":"2023-08-04T11:35:01+00:00","twitter_card":"summary_large_image","twitter_site":"@swissmedflight","twitter_misc":{"Estimated reading time":"1 minute"},"schema":{"@context":"https:\/\/schema.org","@graph":[{"@type":"WebPage","@id":"https:\/\/www.swissmedflight.com\/en\/free-quote\/","url":"https:\/\/www.swissmedflight.com\/en\/free-quote\/","name":"Contact - The Swiss specialist in medical care in Budapest, Hungary","isPartOf":{"@id":"https:\/\/www.swissmedflight.com\/en\/#website"},"datePublished":"2015-10-18T09:09:07+00:00","dateModified":"2023-08-04T11:35:01+00:00","description":"Ask Our Medical Team for a Free Quote. SwissMedFlight, Medical Tourism Specialist ! Budapest, Hungary.","breadcrumb":{"@id":"https:\/\/www.swissmedflight.com\/en\/free-quote\/#breadcrumb"},"inLanguage":"en-GB","potentialAction":[{"@type":"ReadAction","target":["https:\/\/www.swissmedflight.com\/en\/free-quote\/"]}]},{"@type":"BreadcrumbList","@id":"https:\/\/www.swissmedflight.com\/en\/free-quote\/#breadcrumb","itemListElement":[{"@type":"ListItem","position":1,"name":"Home","item":"https:\/\/www.swissmedflight.com\/en\/"},{"@type":"ListItem","position":2,"name":"Contact"}]},{"@type":"WebSite","@id":"https:\/\/www.swissmedflight.com\/en\/#website","url":"https:\/\/www.swissmedflight.com\/en\/","name":"The Swiss specialist in medical care in Budapest, Hungary","description":"Tel: +41.22.575.44.59 \u2013 Email: info@swissmedflight.com \u2013 WhatsApp: +41.78.961.05.26","publisher":{"@id":"https:\/\/www.swissmedflight.com\/en\/#organization"},"potentialAction":[{"@type":"SearchAction","target":{"@type":"EntryPoint","urlTemplate":"https:\/\/www.swissmedflight.com\/en\/?s={search_term_string}"},"query-input":{"@type":"PropertyValueSpecification","valueRequired":true,"valueName":"search_term_string"}}],"inLanguage":"en-GB"},{"@type":"Organization","@id":"https:\/\/www.swissmedflight.com\/en\/#organization","name":"SwissMedFlight Ltd","url":"https:\/\/www.swissmedflight.com\/en\/","logo":{"@type":"ImageObject","inLanguage":"en-GB","@id":"https:\/\/www.swissmedflight.com\/en\/#\/schema\/logo\/image\/","url":"https:\/\/www.swissmedflight.com\/wp-content\/uploads\/2018\/03\/smf-purple.png","contentUrl":"https:\/\/www.swissmedflight.com\/wp-content\/uploads\/2018\/03\/smf-purple.png","width":944,"height":143,"caption":"SwissMedFlight Ltd"},"image":{"@id":"https:\/\/www.swissmedflight.com\/en\/#\/schema\/logo\/image\/"},"sameAs":["https:\/\/www.facebook.com\/Swissmedflight-815460641833342\/","https:\/\/x.com\/swissmedflight"]}]}},"_links":{"self":[{"href":"https:\/\/www.swissmedflight.com\/en\/wp-json\/wp\/v2\/pages\/12828","targetHints":{"allow":["GET"]}}],"collection":[{"href":"https:\/\/www.swissmedflight.com\/en\/wp-json\/wp\/v2\/pages"}],"about":[{"href":"https:\/\/www.swissmedflight.com\/en\/wp-json\/wp\/v2\/types\/page"}],"author":[{"embeddable":true,"href":"https:\/\/www.swissmedflight.com\/en\/wp-json\/wp\/v2\/users\/1"}],"replies":[{"embeddable":true,"href":"https:\/\/www.swissmedflight.com\/en\/wp-json\/wp\/v2\/comments?post=12828"}],"version-history":[{"count":36,"href":"https:\/\/www.swissmedflight.com\/en\/wp-json\/wp\/v2\/pages\/12828\/revisions"}],"predecessor-version":[{"id":34081,"href":"https:\/\/www.swissmedflight.com\/en\/wp-json\/wp\/v2\/pages\/12828\/revisions\/34081"}],"wp:attachment":[{"href":"https:\/\/www.swissmedflight.com\/en\/wp-json\/wp\/v2\/media?parent=12828"}],"curies":[{"name":"wp","href":"https:\/\/api.w.org\/{rel}","templated":true}]}}