{"id":12746,"date":"2015-10-17T14:11:25","date_gmt":"2015-10-17T13:11:25","guid":{"rendered":"http:\/\/www.swissmedflight.com\/?page_id=12746&#038;lang=en"},"modified":"2020-07-23T18:00:01","modified_gmt":"2020-07-23T17:00:01","slug":"accommodation","status":"publish","type":"page","link":"https:\/\/www.swissmedflight.com\/en\/accommodation\/","title":{"rendered":"Accommodation"},"content":{"rendered":"<div class=\"wpb-content-wrapper\">[vc_row][vc_column][vc_column_text]\n<h2>Accommodation in Budapest with SwissMedFlight: your advantages<\/h2>\n<p>The advantages of booking your accommodation in Budapest with SwissMedFlight are many:<\/p>\n<p><i class=\"fa fa-check\" aria-hidden=\"true\"><\/i>\u00a0Hotel and apartment in the city center<br \/>\n<i class=\"fa fa-check\" aria-hidden=\"true\"><\/i>\u00a0Special rates for our customers<br \/>\n<i class=\"fa fa-check\" aria-hidden=\"true\"><\/i> Reservation by our care<\/p>\n<p>We offer our customers <strong>special rates<\/strong>. Please <a href=\"\/?page_id=12828\">contact<\/a> us for rates.<\/p>\n<p>At your request, we take care of <strong>booking<\/strong> your accommodation in Budapest.<\/p>\n<h2>Apartments and studios in the city center<\/h2>\n<p>Whether for your dental care or for your cosmetic surgery in Budapest, SwissMedFlight offers its patients the possibility to book a studio or a fully equipped apartment. We offer studios or apartments of our partners:\u00a0<a href=\"http:\/\/www.kingapartments.hu\" target=\"_blank\" rel=\"noopener noreferrer\">King Apartments<\/a>\u00a0and\u00a0Comforts Apartments.<\/p>\n<h3><div class='content-column one_half'><a href=\"https:\/\/www.kingapartments.hu\" target=\"_blank\" rel=\"noopener noreferrer\"><img loading=\"lazy\" decoding=\"async\" class=\"border aligncenter wp-image-16974 size-thumbnail\" src=\"https:\/\/www.swissmedflight.com\/wp-content\/uploads\/2017\/11\/download-1-150x150.jpg\" alt=\"King Apartments Budapest Hongrie - s\u00e9jour m\u00e9dical \u00e0 Budapest\" width=\"150\" height=\"150\" srcset=\"https:\/\/www.swissmedflight.com\/wp-content\/uploads\/2017\/11\/download-1-150x150.jpg 150w, https:\/\/www.swissmedflight.com\/wp-content\/uploads\/2017\/11\/download-1-100x100.jpg 100w\" sizes=\"auto, (max-width: 150px) 100vw, 150px\" \/><\/a><\/div><div class='content-column one_half last_column'><img loading=\"lazy\" decoding=\"async\" class=\"border aligncenter wp-image-16977 size-thumbnail\" src=\"https:\/\/www.swissmedflight.com\/wp-content\/uploads\/2017\/11\/download-150x150.jpg\" alt=\"Comfort Apartments Budapest Hongrie - SwissMedFlight\" width=\"150\" height=\"150\" srcset=\"https:\/\/www.swissmedflight.com\/wp-content\/uploads\/2017\/11\/download-150x150.jpg 150w, https:\/\/www.swissmedflight.com\/wp-content\/uploads\/2017\/11\/download-100x100.jpg 100w\" sizes=\"auto, (max-width: 150px) 100vw, 150px\" \/><\/div><div class='clear_column'><\/div><\/h3>\n<h3>Studio<\/h3>\n<p>The studio is fully equipped. It includes a kitchen, a dining room, a bathroom and a large living room with a nice balcony. The apartment also has a garage and free Wi-Fi. It can accommodate up to three people.<\/p>\n<p><img loading=\"lazy\" decoding=\"async\" class=\"border aligncenter\" src=\"https:\/\/www.swissmedflight.com\/wp-content\/uploads\/2015\/09\/logement-tourisme-m\u00e9dical-Budapest-Hongrie-SwissMedFlight.jpg\" alt=\"logement \u00e0 Budapest tourisme m\u00e9dical Hongrie - SwissMedFlight\" width=\"350\" height=\"233\" \/><\/p>\n<p>The studio contains the following amenities: Wi-Fi, a fully equipped kitchen, an oven, a microwave oven, a fridge, a TV, a hair dryer, a washing machine, bedding, towels sheets, an iron and ironing board.<\/p>\n<h3>Apartement<\/h3>\n<p>The apartment has a bedroom and a living room. The apartment is fully equipped: kitchen, dining room, bedroom, bathroom, separate toilet, large living room and a nice balcony. It also has a garage and free Wi-Fi. It can accommodate up to four people, including families with children.<\/p>\n<p><img loading=\"lazy\" decoding=\"async\" class=\"border aligncenter\" src=\"https:\/\/www.swissmedflight.com\/wp-content\/uploads\/2015\/09\/logement-tourisme-m\u00e9dical-Budapest-Hongrie-SwissMedFlight-2.jpg\" alt=\"logement \u00e0 Budapest tourisme m\u00e9dical Hongrie SwissMedFlight 2\" width=\"349\" height=\"261\" \/><\/p>\n<p>The apartment includes: Wi-Fi, a fully equipped kitchen, an oven, a microwave, a fridge, a hair dryer, a washing machine, bedding, towels and sheets, an iron and ironing board.<\/p>\n<h2>Hotel near clinics<\/h2>\n<p>If you prefer an accommodation in Budapest with the comfort of a hotel, we offer special rates for overnight stays at\u00a0<a href=\"http:\/\/www.marmara.hu\/\" target=\"_blank\" rel=\"noopener noreferrer\"><strong>Marmara Hotel<\/strong><\/a>. The hotel is located in the city center and includes a breakfast. For more information on our rates, please <a href=\"\/?page_id=12828\">contact us<\/a> to get our corporate price list.<\/p>\n<p><img loading=\"lazy\" decoding=\"async\" class=\"border aligncenter wp-image-16989 size-full\" src=\"https:\/\/www.swissmedflight.com\/wp-content\/uploads\/2017\/11\/Screen-Shot-2017-11-23-at-22.02.56.png\" alt=\"accommodation in Budapest, Hungary: dental care \/ plastic surgery with SwissMedFlight\" width=\"1009\" height=\"423\" srcset=\"https:\/\/www.swissmedflight.com\/wp-content\/uploads\/2017\/11\/Screen-Shot-2017-11-23-at-22.02.56.png 1009w, https:\/\/www.swissmedflight.com\/wp-content\/uploads\/2017\/11\/Screen-Shot-2017-11-23-at-22.02.56-300x126.png 300w, https:\/\/www.swissmedflight.com\/wp-content\/uploads\/2017\/11\/Screen-Shot-2017-11-23-at-22.02.56-768x322.png 768w\" sizes=\"auto, (max-width: 1009px) 100vw, 1009px\" \/>[\/vc_column_text][\/vc_column][\/vc_row]\n<\/div>","protected":false},"excerpt":{"rendered":"<p>[vc_row][vc_column][vc_column_text] Accommodation in Budapest with SwissMedFlight: your advantages The advantages of booking your accommodation in Budapest with SwissMedFlight are many: \u00a0Hotel and apartment in the city center \u00a0Special rates for our customers Reservation by our care We offer our customers special rates. Please contact us for rates. At your request, we take care of booking&hellip;<\/p>\n","protected":false},"author":1,"featured_media":0,"parent":0,"menu_order":0,"comment_status":"closed","ping_status":"closed","template":"","meta":{"footnotes":""},"class_list":["post-12746","page","type-page","status-publish","hentry","entry","no-media"],"yoast_head":"<!-- This site is optimized with the Yoast SEO plugin v26.1.1 - https:\/\/yoast.com\/wordpress\/plugins\/seo\/ -->\n<title>Dental care, cosmetic surgery in Budapest: your accommodation<\/title>\n<meta name=\"description\" content=\"The advantages of booking your accommodation in Budapest with SwissMedFlight are many: city center, special rates, easy reservation by our care.\" \/>\n<meta name=\"robots\" content=\"index, follow, max-snippet:-1, max-image-preview:large, max-video-preview:-1\" \/>\n<link rel=\"canonical\" href=\"https:\/\/www.swissmedflight.com\/en\/accommodation\/\" \/>\n<meta property=\"og:locale\" content=\"en_GB\" \/>\n<meta property=\"og:type\" content=\"article\" \/>\n<meta property=\"og:title\" content=\"Dental care, cosmetic surgery in Budapest: your accommodation\" \/>\n<meta property=\"og:description\" content=\"The advantages of booking your accommodation in Budapest with SwissMedFlight are many: city center, special rates, easy reservation by our care.\" \/>\n<meta property=\"og:url\" content=\"https:\/\/www.swissmedflight.com\/en\/accommodation\/\" \/>\n<meta property=\"og:site_name\" content=\"The Swiss specialist in medical care in Budapest, Hungary\" \/>\n<meta property=\"article:publisher\" content=\"https:\/\/www.facebook.com\/Swissmedflight-815460641833342\/\" \/>\n<meta property=\"article:modified_time\" content=\"2020-07-23T17:00:01+00:00\" \/>\n<meta property=\"og:image\" content=\"https:\/\/www.swissmedflight.com\/wp-content\/uploads\/2017\/11\/download-1-150x150.jpg\" \/>\n<meta name=\"twitter:card\" content=\"summary_large_image\" \/>\n<meta name=\"twitter:site\" content=\"@swissmedflight\" \/>\n<meta name=\"twitter:label1\" content=\"Estimated reading time\" \/>\n\t<meta name=\"twitter:data1\" content=\"2 minutes\" \/>\n<script type=\"application\/ld+json\" class=\"yoast-schema-graph\">{\"@context\":\"https:\/\/schema.org\",\"@graph\":[{\"@type\":\"WebPage\",\"@id\":\"https:\/\/www.swissmedflight.com\/en\/accommodation\/\",\"url\":\"https:\/\/www.swissmedflight.com\/en\/accommodation\/\",\"name\":\"Dental care, cosmetic surgery in Budapest: your accommodation\",\"isPartOf\":{\"@id\":\"https:\/\/www.swissmedflight.com\/en\/#website\"},\"primaryImageOfPage\":{\"@id\":\"https:\/\/www.swissmedflight.com\/en\/accommodation\/#primaryimage\"},\"image\":{\"@id\":\"https:\/\/www.swissmedflight.com\/en\/accommodation\/#primaryimage\"},\"thumbnailUrl\":\"https:\/\/www.swissmedflight.com\/wp-content\/uploads\/2017\/11\/download-1-150x150.jpg\",\"datePublished\":\"2015-10-17T13:11:25+00:00\",\"dateModified\":\"2020-07-23T17:00:01+00:00\",\"description\":\"The advantages of booking your accommodation in Budapest with SwissMedFlight are many: city center, special rates, easy reservation by our care.\",\"breadcrumb\":{\"@id\":\"https:\/\/www.swissmedflight.com\/en\/accommodation\/#breadcrumb\"},\"inLanguage\":\"en-GB\",\"potentialAction\":[{\"@type\":\"ReadAction\",\"target\":[\"https:\/\/www.swissmedflight.com\/en\/accommodation\/\"]}]},{\"@type\":\"ImageObject\",\"inLanguage\":\"en-GB\",\"@id\":\"https:\/\/www.swissmedflight.com\/en\/accommodation\/#primaryimage\",\"url\":\"https:\/\/www.swissmedflight.com\/wp-content\/uploads\/2017\/11\/download-1-150x150.jpg\",\"contentUrl\":\"https:\/\/www.swissmedflight.com\/wp-content\/uploads\/2017\/11\/download-1-150x150.jpg\"},{\"@type\":\"BreadcrumbList\",\"@id\":\"https:\/\/www.swissmedflight.com\/en\/accommodation\/#breadcrumb\",\"itemListElement\":[{\"@type\":\"ListItem\",\"position\":1,\"name\":\"Home\",\"item\":\"https:\/\/www.swissmedflight.com\/en\/\"},{\"@type\":\"ListItem\",\"position\":2,\"name\":\"Accommodation\"}]},{\"@type\":\"WebSite\",\"@id\":\"https:\/\/www.swissmedflight.com\/en\/#website\",\"url\":\"https:\/\/www.swissmedflight.com\/en\/\",\"name\":\"The Swiss specialist in medical care in Budapest, Hungary\",\"description\":\"Tel: +41.22.575.44.59 \u2013 Email: info@swissmedflight.com \u2013 WhatsApp: +41.78.961.05.26\",\"publisher\":{\"@id\":\"https:\/\/www.swissmedflight.com\/en\/#organization\"},\"potentialAction\":[{\"@type\":\"SearchAction\",\"target\":{\"@type\":\"EntryPoint\",\"urlTemplate\":\"https:\/\/www.swissmedflight.com\/en\/?s={search_term_string}\"},\"query-input\":{\"@type\":\"PropertyValueSpecification\",\"valueRequired\":true,\"valueName\":\"search_term_string\"}}],\"inLanguage\":\"en-GB\"},{\"@type\":\"Organization\",\"@id\":\"https:\/\/www.swissmedflight.com\/en\/#organization\",\"name\":\"SwissMedFlight Ltd\",\"url\":\"https:\/\/www.swissmedflight.com\/en\/\",\"logo\":{\"@type\":\"ImageObject\",\"inLanguage\":\"en-GB\",\"@id\":\"https:\/\/www.swissmedflight.com\/en\/#\/schema\/logo\/image\/\",\"url\":\"https:\/\/www.swissmedflight.com\/wp-content\/uploads\/2018\/03\/smf-purple.png\",\"contentUrl\":\"https:\/\/www.swissmedflight.com\/wp-content\/uploads\/2018\/03\/smf-purple.png\",\"width\":944,\"height\":143,\"caption\":\"SwissMedFlight Ltd\"},\"image\":{\"@id\":\"https:\/\/www.swissmedflight.com\/en\/#\/schema\/logo\/image\/\"},\"sameAs\":[\"https:\/\/www.facebook.com\/Swissmedflight-815460641833342\/\",\"https:\/\/x.com\/swissmedflight\"]}]}<\/script>\n<!-- \/ Yoast SEO plugin. -->","yoast_head_json":{"title":"Dental care, cosmetic surgery in Budapest: your accommodation","description":"The advantages of booking your accommodation in Budapest with SwissMedFlight are many: city center, special rates, easy reservation by our care.","robots":{"index":"index","follow":"follow","max-snippet":"max-snippet:-1","max-image-preview":"max-image-preview:large","max-video-preview":"max-video-preview:-1"},"canonical":"https:\/\/www.swissmedflight.com\/en\/accommodation\/","og_locale":"en_GB","og_type":"article","og_title":"Dental care, cosmetic surgery in Budapest: your accommodation","og_description":"The advantages of booking your accommodation in Budapest with SwissMedFlight are many: city center, special rates, easy reservation by our care.","og_url":"https:\/\/www.swissmedflight.com\/en\/accommodation\/","og_site_name":"The Swiss specialist in medical care in Budapest, Hungary","article_publisher":"https:\/\/www.facebook.com\/Swissmedflight-815460641833342\/","article_modified_time":"2020-07-23T17:00:01+00:00","og_image":[{"url":"https:\/\/www.swissmedflight.com\/wp-content\/uploads\/2017\/11\/download-1-150x150.jpg","type":"","width":"","height":""}],"twitter_card":"summary_large_image","twitter_site":"@swissmedflight","twitter_misc":{"Estimated reading time":"2 minutes"},"schema":{"@context":"https:\/\/schema.org","@graph":[{"@type":"WebPage","@id":"https:\/\/www.swissmedflight.com\/en\/accommodation\/","url":"https:\/\/www.swissmedflight.com\/en\/accommodation\/","name":"Dental care, cosmetic surgery in Budapest: your accommodation","isPartOf":{"@id":"https:\/\/www.swissmedflight.com\/en\/#website"},"primaryImageOfPage":{"@id":"https:\/\/www.swissmedflight.com\/en\/accommodation\/#primaryimage"},"image":{"@id":"https:\/\/www.swissmedflight.com\/en\/accommodation\/#primaryimage"},"thumbnailUrl":"https:\/\/www.swissmedflight.com\/wp-content\/uploads\/2017\/11\/download-1-150x150.jpg","datePublished":"2015-10-17T13:11:25+00:00","dateModified":"2020-07-23T17:00:01+00:00","description":"The advantages of booking your accommodation in Budapest with SwissMedFlight are many: city center, special rates, easy reservation by our care.","breadcrumb":{"@id":"https:\/\/www.swissmedflight.com\/en\/accommodation\/#breadcrumb"},"inLanguage":"en-GB","potentialAction":[{"@type":"ReadAction","target":["https:\/\/www.swissmedflight.com\/en\/accommodation\/"]}]},{"@type":"ImageObject","inLanguage":"en-GB","@id":"https:\/\/www.swissmedflight.com\/en\/accommodation\/#primaryimage","url":"https:\/\/www.swissmedflight.com\/wp-content\/uploads\/2017\/11\/download-1-150x150.jpg","contentUrl":"https:\/\/www.swissmedflight.com\/wp-content\/uploads\/2017\/11\/download-1-150x150.jpg"},{"@type":"BreadcrumbList","@id":"https:\/\/www.swissmedflight.com\/en\/accommodation\/#breadcrumb","itemListElement":[{"@type":"ListItem","position":1,"name":"Home","item":"https:\/\/www.swissmedflight.com\/en\/"},{"@type":"ListItem","position":2,"name":"Accommodation"}]},{"@type":"WebSite","@id":"https:\/\/www.swissmedflight.com\/en\/#website","url":"https:\/\/www.swissmedflight.com\/en\/","name":"The Swiss specialist in medical care in Budapest, Hungary","description":"Tel: +41.22.575.44.59 \u2013 Email: info@swissmedflight.com \u2013 WhatsApp: +41.78.961.05.26","publisher":{"@id":"https:\/\/www.swissmedflight.com\/en\/#organization"},"potentialAction":[{"@type":"SearchAction","target":{"@type":"EntryPoint","urlTemplate":"https:\/\/www.swissmedflight.com\/en\/?s={search_term_string}"},"query-input":{"@type":"PropertyValueSpecification","valueRequired":true,"valueName":"search_term_string"}}],"inLanguage":"en-GB"},{"@type":"Organization","@id":"https:\/\/www.swissmedflight.com\/en\/#organization","name":"SwissMedFlight Ltd","url":"https:\/\/www.swissmedflight.com\/en\/","logo":{"@type":"ImageObject","inLanguage":"en-GB","@id":"https:\/\/www.swissmedflight.com\/en\/#\/schema\/logo\/image\/","url":"https:\/\/www.swissmedflight.com\/wp-content\/uploads\/2018\/03\/smf-purple.png","contentUrl":"https:\/\/www.swissmedflight.com\/wp-content\/uploads\/2018\/03\/smf-purple.png","width":944,"height":143,"caption":"SwissMedFlight Ltd"},"image":{"@id":"https:\/\/www.swissmedflight.com\/en\/#\/schema\/logo\/image\/"},"sameAs":["https:\/\/www.facebook.com\/Swissmedflight-815460641833342\/","https:\/\/x.com\/swissmedflight"]}]}},"_links":{"self":[{"href":"https:\/\/www.swissmedflight.com\/en\/wp-json\/wp\/v2\/pages\/12746","targetHints":{"allow":["GET"]}}],"collection":[{"href":"https:\/\/www.swissmedflight.com\/en\/wp-json\/wp\/v2\/pages"}],"about":[{"href":"https:\/\/www.swissmedflight.com\/en\/wp-json\/wp\/v2\/types\/page"}],"author":[{"embeddable":true,"href":"https:\/\/www.swissmedflight.com\/en\/wp-json\/wp\/v2\/users\/1"}],"replies":[{"embeddable":true,"href":"https:\/\/www.swissmedflight.com\/en\/wp-json\/wp\/v2\/comments?post=12746"}],"version-history":[{"count":24,"href":"https:\/\/www.swissmedflight.com\/en\/wp-json\/wp\/v2\/pages\/12746\/revisions"}],"predecessor-version":[{"id":26807,"href":"https:\/\/www.swissmedflight.com\/en\/wp-json\/wp\/v2\/pages\/12746\/revisions\/26807"}],"wp:attachment":[{"href":"https:\/\/www.swissmedflight.com\/en\/wp-json\/wp\/v2\/media?parent=12746"}],"curies":[{"name":"wp","href":"https:\/\/api.w.org\/{rel}","templated":true}]}}